{"id":2021,"date":"2022-09-22T13:29:36","date_gmt":"2022-09-22T11:29:36","guid":{"rendered":"https:\/\/dasko.pl\/produkt\/dss2-t-bis\/"},"modified":"2023-07-27T09:45:52","modified_gmt":"2023-07-27T07:45:52","slug":"dss2-t-bis","status":"publish","type":"product","link":"https:\/\/dasko.pl\/en\/produkt\/dss2-t-bis\/","title":{"rendered":"DSS2 T-BIS"},"content":{"rendered":"","protected":false},"excerpt":{"rendered":"","protected":false},"featured_media":1533,"comment_status":"closed","ping_status":"closed","template":"","meta":{"_acf_changed":false},"product_cat":[166],"product_tag":[],"class_list":{"0":"post-2021","1":"product","2":"type-product","3":"status-publish","4":"has-post-thumbnail","6":"product_cat-regulatory","8":"first","9":"instock","10":"shipping-taxable","11":"product-type-simple"},"acf":[],"yoast_head":"<!-- This site is optimized with the Yoast SEO plugin v23.1 - https:\/\/yoast.com\/wordpress\/plugins\/seo\/ -->\n<title>DSS2 T-BIS - Dasko Electronic<\/title>\n<meta name=\"description\" content=\"Nale\u017cy do grupy regulator\u00f3w serii DSS2. Tyrystorowy regulator w wersji zewn\u0119trznej natynkowej. Moc silnika wentylatora 1 kW.\" \/>\n<meta name=\"robots\" content=\"index, follow, max-snippet:-1, max-image-preview:large, max-video-preview:-1\" \/>\n<link rel=\"canonical\" href=\"https:\/\/dasko.pl\/en\/produkt\/dss2-t-bis\/\" \/>\n<meta property=\"og:locale\" content=\"en_US\" \/>\n<meta property=\"og:type\" content=\"article\" \/>\n<meta property=\"og:title\" content=\"DSS2 T-BIS - Dasko Electronic\" \/>\n<meta property=\"og:description\" content=\"Nale\u017cy do grupy regulator\u00f3w serii DSS2. Tyrystorowy regulator w wersji zewn\u0119trznej natynkowej. Moc silnika wentylatora 1 kW.\" \/>\n<meta property=\"og:url\" content=\"https:\/\/dasko.pl\/en\/produkt\/dss2-t-bis\/\" \/>\n<meta property=\"og:site_name\" content=\"Dasko Electronic\" \/>\n<meta property=\"article:modified_time\" content=\"2023-07-27T07:45:52+00:00\" \/>\n<meta property=\"og:image\" content=\"https:\/\/dasko.pl\/wp-content\/uploads\/2022\/09\/DSS2-T-bis_2.jpg\" \/>\n\t<meta property=\"og:image:width\" content=\"1200\" \/>\n\t<meta property=\"og:image:height\" content=\"800\" \/>\n\t<meta property=\"og:image:type\" content=\"image\/jpeg\" \/>\n<meta name=\"twitter:card\" content=\"summary_large_image\" \/>\n<script type=\"application\/ld+json\" class=\"yoast-schema-graph\">{\"@context\":\"https:\/\/schema.org\",\"@graph\":[{\"@type\":\"WebPage\",\"@id\":\"https:\/\/dasko.pl\/en\/produkt\/dss2-t-bis\/\",\"url\":\"https:\/\/dasko.pl\/en\/produkt\/dss2-t-bis\/\",\"name\":\"DSS2 T-BIS - Dasko Electronic\",\"isPartOf\":{\"@id\":\"https:\/\/dasko.pl\/#website\"},\"primaryImageOfPage\":{\"@id\":\"https:\/\/dasko.pl\/en\/produkt\/dss2-t-bis\/#primaryimage\"},\"image\":{\"@id\":\"https:\/\/dasko.pl\/en\/produkt\/dss2-t-bis\/#primaryimage\"},\"thumbnailUrl\":\"https:\/\/dasko.pl\/wp-content\/uploads\/2022\/09\/DSS2-T-bis_2.jpg\",\"datePublished\":\"2022-09-22T11:29:36+00:00\",\"dateModified\":\"2023-07-27T07:45:52+00:00\",\"description\":\"Nale\u017cy do grupy regulator\u00f3w serii DSS2. Tyrystorowy regulator w wersji zewn\u0119trznej natynkowej. Moc silnika wentylatora 1 kW.\",\"breadcrumb\":{\"@id\":\"https:\/\/dasko.pl\/en\/produkt\/dss2-t-bis\/#breadcrumb\"},\"inLanguage\":\"en-US\",\"potentialAction\":[{\"@type\":\"ReadAction\",\"target\":[\"https:\/\/dasko.pl\/en\/produkt\/dss2-t-bis\/\"]}]},{\"@type\":\"ImageObject\",\"inLanguage\":\"en-US\",\"@id\":\"https:\/\/dasko.pl\/en\/produkt\/dss2-t-bis\/#primaryimage\",\"url\":\"https:\/\/dasko.pl\/wp-content\/uploads\/2022\/09\/DSS2-T-bis_2.jpg\",\"contentUrl\":\"https:\/\/dasko.pl\/wp-content\/uploads\/2022\/09\/DSS2-T-bis_2.jpg\",\"width\":1200,\"height\":800},{\"@type\":\"BreadcrumbList\",\"@id\":\"https:\/\/dasko.pl\/en\/produkt\/dss2-t-bis\/#breadcrumb\",\"itemListElement\":[{\"@type\":\"ListItem\",\"position\":1,\"name\":\"Strona g\u0142\u00f3wna\",\"item\":\"https:\/\/dasko.pl\/en\/\"},{\"@type\":\"ListItem\",\"position\":2,\"name\":\"Produkty\",\"item\":\"https:\/\/dasko.pl\/en\/produkty\/\"},{\"@type\":\"ListItem\",\"position\":3,\"name\":\"DSS2 T-BIS\"}]},{\"@type\":\"WebSite\",\"@id\":\"https:\/\/dasko.pl\/#website\",\"url\":\"https:\/\/dasko.pl\/\",\"name\":\"Dasko Electronic\",\"description\":\"Systemy sterowania dla bran\u017cy wentylacji i klimatyzacji\",\"potentialAction\":[{\"@type\":\"SearchAction\",\"target\":{\"@type\":\"EntryPoint\",\"urlTemplate\":\"https:\/\/dasko.pl\/?s={search_term_string}\"},\"query-input\":\"required name=search_term_string\"}],\"inLanguage\":\"en-US\"}]}<\/script>\n<!-- \/ Yoast SEO plugin. -->","yoast_head_json":{"title":"DSS2 T-BIS - Dasko Electronic","description":"Nale\u017cy do grupy regulator\u00f3w serii DSS2. Tyrystorowy regulator w wersji zewn\u0119trznej natynkowej. Moc silnika wentylatora 1 kW.","robots":{"index":"index","follow":"follow","max-snippet":"max-snippet:-1","max-image-preview":"max-image-preview:large","max-video-preview":"max-video-preview:-1"},"canonical":"https:\/\/dasko.pl\/en\/produkt\/dss2-t-bis\/","og_locale":"en_US","og_type":"article","og_title":"DSS2 T-BIS - Dasko Electronic","og_description":"Nale\u017cy do grupy regulator\u00f3w serii DSS2. Tyrystorowy regulator w wersji zewn\u0119trznej natynkowej. Moc silnika wentylatora 1 kW.","og_url":"https:\/\/dasko.pl\/en\/produkt\/dss2-t-bis\/","og_site_name":"Dasko Electronic","article_modified_time":"2023-07-27T07:45:52+00:00","og_image":[{"width":1200,"height":800,"url":"https:\/\/dasko.pl\/wp-content\/uploads\/2022\/09\/DSS2-T-bis_2.jpg","type":"image\/jpeg"}],"twitter_card":"summary_large_image","schema":{"@context":"https:\/\/schema.org","@graph":[{"@type":"WebPage","@id":"https:\/\/dasko.pl\/en\/produkt\/dss2-t-bis\/","url":"https:\/\/dasko.pl\/en\/produkt\/dss2-t-bis\/","name":"DSS2 T-BIS - Dasko Electronic","isPartOf":{"@id":"https:\/\/dasko.pl\/#website"},"primaryImageOfPage":{"@id":"https:\/\/dasko.pl\/en\/produkt\/dss2-t-bis\/#primaryimage"},"image":{"@id":"https:\/\/dasko.pl\/en\/produkt\/dss2-t-bis\/#primaryimage"},"thumbnailUrl":"https:\/\/dasko.pl\/wp-content\/uploads\/2022\/09\/DSS2-T-bis_2.jpg","datePublished":"2022-09-22T11:29:36+00:00","dateModified":"2023-07-27T07:45:52+00:00","description":"Nale\u017cy do grupy regulator\u00f3w serii DSS2. Tyrystorowy regulator w wersji zewn\u0119trznej natynkowej. Moc silnika wentylatora 1 kW.","breadcrumb":{"@id":"https:\/\/dasko.pl\/en\/produkt\/dss2-t-bis\/#breadcrumb"},"inLanguage":"en-US","potentialAction":[{"@type":"ReadAction","target":["https:\/\/dasko.pl\/en\/produkt\/dss2-t-bis\/"]}]},{"@type":"ImageObject","inLanguage":"en-US","@id":"https:\/\/dasko.pl\/en\/produkt\/dss2-t-bis\/#primaryimage","url":"https:\/\/dasko.pl\/wp-content\/uploads\/2022\/09\/DSS2-T-bis_2.jpg","contentUrl":"https:\/\/dasko.pl\/wp-content\/uploads\/2022\/09\/DSS2-T-bis_2.jpg","width":1200,"height":800},{"@type":"BreadcrumbList","@id":"https:\/\/dasko.pl\/en\/produkt\/dss2-t-bis\/#breadcrumb","itemListElement":[{"@type":"ListItem","position":1,"name":"Strona g\u0142\u00f3wna","item":"https:\/\/dasko.pl\/en\/"},{"@type":"ListItem","position":2,"name":"Produkty","item":"https:\/\/dasko.pl\/en\/produkty\/"},{"@type":"ListItem","position":3,"name":"DSS2 T-BIS"}]},{"@type":"WebSite","@id":"https:\/\/dasko.pl\/#website","url":"https:\/\/dasko.pl\/","name":"Dasko Electronic","description":"Systemy sterowania dla bran\u017cy wentylacji i klimatyzacji","potentialAction":[{"@type":"SearchAction","target":{"@type":"EntryPoint","urlTemplate":"https:\/\/dasko.pl\/?s={search_term_string}"},"query-input":"required name=search_term_string"}],"inLanguage":"en-US"}]}},"_links":{"self":[{"href":"https:\/\/dasko.pl\/en\/wp-json\/wp\/v2\/product\/2021"}],"collection":[{"href":"https:\/\/dasko.pl\/en\/wp-json\/wp\/v2\/product"}],"about":[{"href":"https:\/\/dasko.pl\/en\/wp-json\/wp\/v2\/types\/product"}],"replies":[{"embeddable":true,"href":"https:\/\/dasko.pl\/en\/wp-json\/wp\/v2\/comments?post=2021"}],"wp:featuredmedia":[{"embeddable":true,"href":"https:\/\/dasko.pl\/en\/wp-json\/wp\/v2\/media\/1533"}],"wp:attachment":[{"href":"https:\/\/dasko.pl\/en\/wp-json\/wp\/v2\/media?parent=2021"}],"wp:term":[{"taxonomy":"product_cat","embeddable":true,"href":"https:\/\/dasko.pl\/en\/wp-json\/wp\/v2\/product_cat?post=2021"},{"taxonomy":"product_tag","embeddable":true,"href":"https:\/\/dasko.pl\/en\/wp-json\/wp\/v2\/product_tag?post=2021"}],"curies":[{"name":"wp","href":"https:\/\/api.w.org\/{rel}","templated":true}]}}